{"id":2032,"date":"2023-02-15T20:10:40","date_gmt":"2023-02-15T19:10:40","guid":{"rendered":"https:\/\/www.stonward.com\/compliance-policy\/"},"modified":"2023-02-15T20:18:04","modified_gmt":"2023-02-15T19:18:04","slug":"politica-de-cumplimiento","status":"publish","type":"page","link":"https:\/\/www.stonward.com\/es\/politica-de-cumplimiento\/","title":{"rendered":"Pol\u00edtica de Cumplimiento"},"content":{"rendered":"<p>[vc_row][vc_column][vc_column_text]<strong>Pol\u00edtica de Cumplimiento<\/strong><\/p>\n<p>Como financiador de litigios, estamos comprometidos a mantener los m\u00e1s altos est\u00e1ndares de conducta legal y \u00e9tica. Nuestra pol\u00edtica de cumplimiento es la siguiente:<\/p>\n<ol>\n<li>Cumplimiento normativo: Cumplimos con todas las leyes, reglamentaciones y est\u00e1ndares de la industria aplicables, incluidos los relacionados con la lucha contra el soborno y la corrupci\u00f3n, la protecci\u00f3n de datos y los delitos financieros. Mantenemos un conocimiento actualizado de todas las regulaciones relevantes y nos aseguramos de que nuestras pr\u00e1cticas est\u00e9n en l\u00ednea con las mejores pr\u00e1cticas de la industria.<\/li>\n<li>Diligencia debida: llevamos a cabo una diligencia debida exhaustiva en todos los casos y partes que financiamos, incluida la evaluaci\u00f3n de los m\u00e9ritos legales del caso, la evaluaci\u00f3n de la posici\u00f3n financiera de las partes involucradas y la garant\u00eda de que nuestra financiaci\u00f3n cumpla con los est\u00e1ndares \u00e9ticos y legales.<\/li>\n<li>Conflictos de intereses: Mantenemos procedimientos para identificar y gestionar los conflictos de intereses que puedan surgir durante nuestro negocio. Nos aseguramos de que nuestras acciones redunden en el mejor inter\u00e9s de nuestros clientes y socios y que cualquier conflicto de inter\u00e9s se divulgue y aborde de manera adecuada.<\/li>\n<li>Confidencialidad: mantenemos una estricta confidencialidad en todos nuestros tratos con nuestros clientes, socios y proveedores externos. Nos aseguramos de que todos los datos se recopilen, procesen y almacenen de forma segura y de conformidad con las leyes y reglamentos aplicables.<\/li>\n<li>Quejas y denuncias: Mantenemos canales claros y accesibles para las denuncias y denuncias internas. Tomamos todas las quejas con seriedad y las investigamos a fondo. Nos aseguramos de que todos los denunciantes est\u00e9n protegidos y de que su identidad se mantenga confidencial.<\/li>\n<\/ol>\n<p>En general, nuestra pol\u00edtica de cumplimiento est\u00e1 dise\u00f1ada para garantizar que operamos con los m\u00e1s altos est\u00e1ndares de conducta legal y \u00e9tica, mantenemos la confianza de nuestros clientes y socios y operamos dentro de todas las leyes y reglamentaciones aplicables.[\/vc_column_text]<div class=\"grve-element grve-fullwidth-element grve-disabled-greyscale grve-disabled-greyscale grve-gallery grve-gallery-popup\" style=\"\">  <div class=\"grve-isotope-container\" data-columns=\"4\" data-layout=\"fitRows\">  <div class=\"grve-hover-item grve-isotope-item grve-simply-hover \">    <a href=\"https:\/\/www.stonward.com\/wp-content\/uploads\/2020\/08\/Stonward-web-imagenes-collage-01-min.jpg\"><img loading=\"lazy\" decoding=\"async\" width=\"421\" height=\"430\" src=\"https:\/\/www.stonward.com\/wp-content\/uploads\/2020\/08\/Stonward-web-imagenes-collage-01-min.jpg\" class=\"attachment-grve-image-medium-rect size-grve-image-medium-rect\" alt=\"\" srcset=\"https:\/\/www.stonward.com\/wp-content\/uploads\/2020\/08\/Stonward-web-imagenes-collage-01-min.jpg 1003w, https:\/\/www.stonward.com\/wp-content\/uploads\/2020\/08\/Stonward-web-imagenes-collage-01-min-294x300.jpg 294w, https:\/\/www.stonward.com\/wp-content\/uploads\/2020\/08\/Stonward-web-imagenes-collage-01-min-768x784.jpg 768w, https:\/\/www.stonward.com\/wp-content\/uploads\/2020\/08\/Stonward-web-imagenes-collage-01-min-980x1001.jpg 980w, https:\/\/www.stonward.com\/wp-content\/uploads\/2020\/08\/Stonward-web-imagenes-collage-01-min-480x490.jpg 480w\" sizes=\"auto, (max-width: 421px) 100vw, 421px\" \/>      <div class=\"grve-hover-content\">        <div title=\"\" class=\"grve-hover-title\"><\/div>      <\/div>    <\/a>  <\/div>  <div class=\"grve-hover-item grve-isotope-item grve-simply-hover \">    <a href=\"https:\/\/www.stonward.com\/wp-content\/uploads\/2020\/08\/Stonward-web-imagenes-collage-02-min-1.jpg\"><img loading=\"lazy\" decoding=\"async\" width=\"421\" height=\"430\" src=\"https:\/\/www.stonward.com\/wp-content\/uploads\/2020\/08\/Stonward-web-imagenes-collage-02-min-1.jpg\" class=\"attachment-grve-image-medium-rect size-grve-image-medium-rect\" alt=\"\" srcset=\"https:\/\/www.stonward.com\/wp-content\/uploads\/2020\/08\/Stonward-web-imagenes-collage-02-min-1.jpg 1003w, https:\/\/www.stonward.com\/wp-content\/uploads\/2020\/08\/Stonward-web-imagenes-collage-02-min-1-294x300.jpg 294w, https:\/\/www.stonward.com\/wp-content\/uploads\/2020\/08\/Stonward-web-imagenes-collage-02-min-1-768x784.jpg 768w, https:\/\/www.stonward.com\/wp-content\/uploads\/2020\/08\/Stonward-web-imagenes-collage-02-min-1-980x1001.jpg 980w, https:\/\/www.stonward.com\/wp-content\/uploads\/2020\/08\/Stonward-web-imagenes-collage-02-min-1-480x490.jpg 480w\" sizes=\"auto, (max-width: 421px) 100vw, 421px\" \/>      <div class=\"grve-hover-content\">        <div title=\"\" class=\"grve-hover-title\"><\/div>      <\/div>    <\/a>  <\/div>  <div class=\"grve-hover-item grve-isotope-item grve-simply-hover \">    <a href=\"https:\/\/www.stonward.com\/wp-content\/uploads\/2020\/08\/Stonward-web-imagenes-collage-03-min-1.jpg\"><img loading=\"lazy\" decoding=\"async\" width=\"421\" height=\"430\" src=\"https:\/\/www.stonward.com\/wp-content\/uploads\/2020\/08\/Stonward-web-imagenes-collage-03-min-1.jpg\" class=\"attachment-grve-image-medium-rect size-grve-image-medium-rect\" alt=\"\" srcset=\"https:\/\/www.stonward.com\/wp-content\/uploads\/2020\/08\/Stonward-web-imagenes-collage-03-min-1.jpg 1003w, https:\/\/www.stonward.com\/wp-content\/uploads\/2020\/08\/Stonward-web-imagenes-collage-03-min-1-294x300.jpg 294w, https:\/\/www.stonward.com\/wp-content\/uploads\/2020\/08\/Stonward-web-imagenes-collage-03-min-1-768x784.jpg 768w, https:\/\/www.stonward.com\/wp-content\/uploads\/2020\/08\/Stonward-web-imagenes-collage-03-min-1-980x1001.jpg 980w, https:\/\/www.stonward.com\/wp-content\/uploads\/2020\/08\/Stonward-web-imagenes-collage-03-min-1-480x490.jpg 480w\" sizes=\"auto, (max-width: 421px) 100vw, 421px\" \/>      <div class=\"grve-hover-content\">        <div title=\"\" class=\"grve-hover-title\"><\/div>      <\/div>    <\/a>  <\/div>  <div class=\"grve-hover-item grve-isotope-item grve-simply-hover \">    <a href=\"https:\/\/www.stonward.com\/wp-content\/uploads\/2020\/08\/Stonward-web-imagenes-collage-04-min-1.jpg\"><img loading=\"lazy\" decoding=\"async\" width=\"421\" height=\"430\" src=\"https:\/\/www.stonward.com\/wp-content\/uploads\/2020\/08\/Stonward-web-imagenes-collage-04-min-1.jpg\" class=\"attachment-grve-image-medium-rect size-grve-image-medium-rect\" alt=\"\" srcset=\"https:\/\/www.stonward.com\/wp-content\/uploads\/2020\/08\/Stonward-web-imagenes-collage-04-min-1.jpg 1003w, https:\/\/www.stonward.com\/wp-content\/uploads\/2020\/08\/Stonward-web-imagenes-collage-04-min-1-294x300.jpg 294w, https:\/\/www.stonward.com\/wp-content\/uploads\/2020\/08\/Stonward-web-imagenes-collage-04-min-1-768x784.jpg 768w, https:\/\/www.stonward.com\/wp-content\/uploads\/2020\/08\/Stonward-web-imagenes-collage-04-min-1-980x1001.jpg 980w, https:\/\/www.stonward.com\/wp-content\/uploads\/2020\/08\/Stonward-web-imagenes-collage-04-min-1-480x490.jpg 480w\" sizes=\"auto, (max-width: 421px) 100vw, 421px\" \/>      <div class=\"grve-hover-content\">        <div title=\"\" class=\"grve-hover-title\"><\/div>      <\/div>    <\/a>  <\/div>\t<\/div><\/div>[\/vc_column][\/vc_row]<\/p>\n","protected":false},"excerpt":{"rendered":"<p>[vc_row][vc_column][vc_column_text]Pol\u00edtica de Cumplimiento Como financiador de litigios, estamos comprometidos a mantener los m\u00e1s altos est\u00e1ndares de conducta legal y \u00e9tica. Nuestra pol\u00edtica de cumplimiento es la siguiente: Cumplimiento normativo: Cumplimos con todas las leyes, reglamentaciones y est\u00e1ndares de la industria aplicables, incluidos los relacionados con la lucha contra el soborno y la corrupci\u00f3n, la protecci\u00f3n [&hellip;]<\/p>\n","protected":false},"author":6,"featured_media":0,"parent":0,"menu_order":0,"comment_status":"closed","ping_status":"closed","template":"","meta":{"footnotes":""},"class_list":["post-2032","page","type-page","status-publish","hentry"],"yoast_head":"<!-- This site is optimized with the Yoast SEO plugin v27.0 - https:\/\/yoast.com\/product\/yoast-seo-wordpress\/ -->\n<title>Pol\u00edtica de Cumplimiento - Stonward<\/title>\n<meta name=\"robots\" content=\"index, follow, max-snippet:-1, max-image-preview:large, max-video-preview:-1\" \/>\n<link rel=\"canonical\" href=\"https:\/\/www.stonward.com\/es\/politica-de-cumplimiento\/\" \/>\n<meta property=\"og:locale\" content=\"es_ES\" \/>\n<meta property=\"og:type\" content=\"article\" \/>\n<meta property=\"og:title\" content=\"Pol\u00edtica de Cumplimiento - Stonward\" \/>\n<meta property=\"og:description\" content=\"[vc_row][vc_column][vc_column_text]Pol\u00edtica de Cumplimiento Como financiador de litigios, estamos comprometidos a mantener los m\u00e1s altos est\u00e1ndares de conducta legal y \u00e9tica. Nuestra pol\u00edtica de cumplimiento es la siguiente: Cumplimiento normativo: Cumplimos con todas las leyes, reglamentaciones y est\u00e1ndares de la industria aplicables, incluidos los relacionados con la lucha contra el soborno y la corrupci\u00f3n, la protecci\u00f3n [&hellip;]\" \/>\n<meta property=\"og:url\" content=\"https:\/\/www.stonward.com\/es\/politica-de-cumplimiento\/\" \/>\n<meta property=\"og:site_name\" content=\"Stonward\" \/>\n<meta property=\"article:modified_time\" content=\"2023-02-15T19:18:04+00:00\" \/>\n<meta name=\"twitter:card\" content=\"summary_large_image\" \/>\n<meta name=\"twitter:label1\" content=\"Tiempo de lectura\" \/>\n\t<meta name=\"twitter:data1\" content=\"2 minutos\" \/>\n<script type=\"application\/ld+json\" class=\"yoast-schema-graph\">{\"@context\":\"https:\/\/schema.org\",\"@graph\":[{\"@type\":\"WebPage\",\"@id\":\"https:\/\/www.stonward.com\/es\/politica-de-cumplimiento\/\",\"url\":\"https:\/\/www.stonward.com\/es\/politica-de-cumplimiento\/\",\"name\":\"Pol\u00edtica de Cumplimiento - Stonward\",\"isPartOf\":{\"@id\":\"https:\/\/www.stonward.com\/#website\"},\"datePublished\":\"2023-02-15T19:10:40+00:00\",\"dateModified\":\"2023-02-15T19:18:04+00:00\",\"breadcrumb\":{\"@id\":\"https:\/\/www.stonward.com\/es\/politica-de-cumplimiento\/#breadcrumb\"},\"inLanguage\":\"es\",\"potentialAction\":[{\"@type\":\"ReadAction\",\"target\":[\"https:\/\/www.stonward.com\/es\/politica-de-cumplimiento\/\"]}]},{\"@type\":\"BreadcrumbList\",\"@id\":\"https:\/\/www.stonward.com\/es\/politica-de-cumplimiento\/#breadcrumb\",\"itemListElement\":[{\"@type\":\"ListItem\",\"position\":1,\"name\":\"Home\",\"item\":\"https:\/\/www.stonward.com\/es\/\"},{\"@type\":\"ListItem\",\"position\":2,\"name\":\"Pol\u00edtica de Cumplimiento\"}]},{\"@type\":\"WebSite\",\"@id\":\"https:\/\/www.stonward.com\/#website\",\"url\":\"https:\/\/www.stonward.com\/\",\"name\":\"Stonward\",\"description\":\"Litigation Funding\",\"potentialAction\":[{\"@type\":\"SearchAction\",\"target\":{\"@type\":\"EntryPoint\",\"urlTemplate\":\"https:\/\/www.stonward.com\/?s={search_term_string}\"},\"query-input\":{\"@type\":\"PropertyValueSpecification\",\"valueRequired\":true,\"valueName\":\"search_term_string\"}}],\"inLanguage\":\"es\"}]}<\/script>\n<!-- \/ Yoast SEO plugin. -->","yoast_head_json":{"title":"Pol\u00edtica de Cumplimiento - Stonward","robots":{"index":"index","follow":"follow","max-snippet":"max-snippet:-1","max-image-preview":"max-image-preview:large","max-video-preview":"max-video-preview:-1"},"canonical":"https:\/\/www.stonward.com\/es\/politica-de-cumplimiento\/","og_locale":"es_ES","og_type":"article","og_title":"Pol\u00edtica de Cumplimiento - Stonward","og_description":"[vc_row][vc_column][vc_column_text]Pol\u00edtica de Cumplimiento Como financiador de litigios, estamos comprometidos a mantener los m\u00e1s altos est\u00e1ndares de conducta legal y \u00e9tica. Nuestra pol\u00edtica de cumplimiento es la siguiente: Cumplimiento normativo: Cumplimos con todas las leyes, reglamentaciones y est\u00e1ndares de la industria aplicables, incluidos los relacionados con la lucha contra el soborno y la corrupci\u00f3n, la protecci\u00f3n [&hellip;]","og_url":"https:\/\/www.stonward.com\/es\/politica-de-cumplimiento\/","og_site_name":"Stonward","article_modified_time":"2023-02-15T19:18:04+00:00","twitter_card":"summary_large_image","twitter_misc":{"Tiempo de lectura":"2 minutos"},"schema":{"@context":"https:\/\/schema.org","@graph":[{"@type":"WebPage","@id":"https:\/\/www.stonward.com\/es\/politica-de-cumplimiento\/","url":"https:\/\/www.stonward.com\/es\/politica-de-cumplimiento\/","name":"Pol\u00edtica de Cumplimiento - Stonward","isPartOf":{"@id":"https:\/\/www.stonward.com\/#website"},"datePublished":"2023-02-15T19:10:40+00:00","dateModified":"2023-02-15T19:18:04+00:00","breadcrumb":{"@id":"https:\/\/www.stonward.com\/es\/politica-de-cumplimiento\/#breadcrumb"},"inLanguage":"es","potentialAction":[{"@type":"ReadAction","target":["https:\/\/www.stonward.com\/es\/politica-de-cumplimiento\/"]}]},{"@type":"BreadcrumbList","@id":"https:\/\/www.stonward.com\/es\/politica-de-cumplimiento\/#breadcrumb","itemListElement":[{"@type":"ListItem","position":1,"name":"Home","item":"https:\/\/www.stonward.com\/es\/"},{"@type":"ListItem","position":2,"name":"Pol\u00edtica de Cumplimiento"}]},{"@type":"WebSite","@id":"https:\/\/www.stonward.com\/#website","url":"https:\/\/www.stonward.com\/","name":"Stonward","description":"Litigation Funding","potentialAction":[{"@type":"SearchAction","target":{"@type":"EntryPoint","urlTemplate":"https:\/\/www.stonward.com\/?s={search_term_string}"},"query-input":{"@type":"PropertyValueSpecification","valueRequired":true,"valueName":"search_term_string"}}],"inLanguage":"es"}]}},"_links":{"self":[{"href":"https:\/\/www.stonward.com\/es\/wp-json\/wp\/v2\/pages\/2032","targetHints":{"allow":["GET"]}}],"collection":[{"href":"https:\/\/www.stonward.com\/es\/wp-json\/wp\/v2\/pages"}],"about":[{"href":"https:\/\/www.stonward.com\/es\/wp-json\/wp\/v2\/types\/page"}],"author":[{"embeddable":true,"href":"https:\/\/www.stonward.com\/es\/wp-json\/wp\/v2\/users\/6"}],"replies":[{"embeddable":true,"href":"https:\/\/www.stonward.com\/es\/wp-json\/wp\/v2\/comments?post=2032"}],"version-history":[{"count":1,"href":"https:\/\/www.stonward.com\/es\/wp-json\/wp\/v2\/pages\/2032\/revisions"}],"predecessor-version":[{"id":2034,"href":"https:\/\/www.stonward.com\/es\/wp-json\/wp\/v2\/pages\/2032\/revisions\/2034"}],"wp:attachment":[{"href":"https:\/\/www.stonward.com\/es\/wp-json\/wp\/v2\/media?parent=2032"}],"curies":[{"name":"wp","href":"https:\/\/api.w.org\/{rel}","templated":true}]}}